{"id":5448,"date":"2018-10-31T10:05:37","date_gmt":"2018-10-31T10:05:37","guid":{"rendered":"http:\/\/pruebas.forga.es\/?page_id=5448"},"modified":"2018-10-31T10:20:14","modified_gmt":"2018-10-31T10:20:14","slug":"productos","status":"publish","type":"page","link":"https:\/\/pruebas.forga.es\/index.php\/productos\/","title":{"rendered":"Productos"},"content":{"rendered":"<section class=\"cs-section custom-padding\" style=\" padding-top: 60px; padding-bottom:60px;\"><div class=\"container\"><div class=\"row\"><div class=\"col-md-12 cs-animation fadeInLeft\"><div class=\"cs-column-inner\">[vc_custom_heading text=\u00bbAlfalfa y forrajes\u00bb font_container=\u00bbtag:h2|text_align:left|color:%230e7f0f\u00bb use_theme_fonts=\u00bbyes\u00bb css=\u00bb.vc_custom_1540906701662{margin-bottom: 20px !important;}\u00bb]<div class=\"cs-column-text vc_custom_1540906683991\"><p>La alfalfa deshidratada es muy valorada por los ganaderos para la alimentaci\u00f3n animal; especialmente rumiantes, vacas de alta producci\u00f3n l\u00e1ctea, caballos, camellos, as\u00ed como ovejas, cabras, conejos y cerdas gestantes.<\/p>\n<p>El producto terminado se sirve en dos tipos de formato: Pacas y Pellets.<\/p>\n<\/div><section class=\"cs-section\"><div class=\"container\"><div class=\"row\"><div class=\"col-md-4\"><div class=\"cs-column-inner\"><img decoding=\"async\" src=\"\" \/><div class=\"cs-column-text vc_custom_1540906783844\"><p>Paca de alfalfa deshidratada<\/p>\n<\/div><\/div><\/div><div class=\"col-md-4\"><div class=\"cs-column-inner\"><img decoding=\"async\" src=\"\" \/><div class=\"cs-column-text vc_custom_1540906810784\"><p>Paca de festuca deshidratada<\/p>\n<\/div><\/div><\/div><div class=\"col-md-4\"><div class=\"cs-column-inner\"><img decoding=\"async\" src=\"\" \/><div class=\"cs-column-text vc_custom_1540906832994\"><p>Pellet de alfalfa deshidratada<\/p>\n<\/div><\/div><\/div><\/div><\/div><\/section><\/div><\/div><\/div><\/div><\/section><section class=\"cs-section text-center\" style=\" background-color: #f5f5f5;\"><div class=\"container\"><div class=\"row\"><div class=\"col-md-12\"><div class=\"cs-column-inner\">[vc_custom_heading text=\u00bbOtros productos \u00bb font_container=\u00bbtag:h2|text_align:left|color:%230e7f0f\u00bb use_theme_fonts=\u00bbyes\u00bb css=\u00bb.vc_custom_1540907159524{margin-bottom: 20px !important;}\u00bb]<div class=\"cs-column-text vc_custom_1540907261776\"><p>Debido a la rotaci\u00f3n de cultivos es necesario plantar otros tipos de cereal como ma\u00edz, trigo y cebada.<\/p>\n<\/div><div class=\"cs-fancybox cs-fancybox-accent cs-fancybox-outlined cs-fancybox-tc cs-fancybox-xl\"><div class=\"cs-in fa fa-check-square-o cs-icon cs-icon-accent cs-icon-bgcolor cs-icon-circle cs-icon-xl\"><\/div><h4 class=\"cs-fancybox-heading\">MISI\u00d3N<\/h4><div class=\"cs-fancybox-text\"><p><strong>Elaboraci\u00f3n de alfalfa, forrajes y cereales equilibrados y sanos para la nutrici\u00f3n animal<\/strong>, cumpliendo los requisitos de seguridad alimentaria y sostenibilidad del medioambiente mediante el uso de unas buenas pr\u00e1cticas agrarias.<\/p>\n<\/div><\/div><div class=\"cs-fancybox cs-fancybox-custom cs-fancybox-outlined cs-fancybox-tc cs-fancybox-xl\" style=\"border-color:#a1e32f;\"><div class=\"cs-in fa fa-eye cs-icon cs-icon-custom cs-icon-bgcolor cs-icon-circle cs-icon-xl\" style=\"background-color:#a1e32f;\"><\/div><h4 class=\"cs-fancybox-heading\">VISI\u00d3N<\/h4><div class=\"cs-fancybox-text\"><p><strong>Ser referente en el sector de la agroalimentaci\u00f3n<\/strong> como empresa innovadora, socialmente responsable y al servicio de nuestros clientes, representando la mejor opci\u00f3n para el cultivo y desarrollo de nuestro territorio.<\/p>\n<\/div><\/div><div class=\"cs-fancybox cs-fancybox-custom cs-fancybox-outlined cs-fancybox-tc cs-fancybox-xl\" style=\"border-color:#6e6e6e;\"><div class=\"cs-in fa fa-users cs-icon cs-icon-custom cs-icon-bgcolor cs-icon-circle cs-icon-xl\" style=\"background-color:#6e6e6e;\"><\/div><h4 class=\"cs-fancybox-heading\">VALORES<\/h4><div class=\"cs-fancybox-text\"><p><strong>El principal valor es nuestro compromiso con las personas<\/strong>: agricultores, trabajadores, proveedores y clientes.<br \/>\n<strong>Mejora continua<\/strong> de procesos e instalaciones y un equipo humano en continuo desarrollo.<\/p>\n<\/div><\/div><\/div><\/div><\/div><\/div><\/section><section class=\"cs-section cs-parallax xl-padding parallax cs-section-shadow cs-section-cover-bg\" style=\"background-image: url(https:\/\/pruebas.forga.es\/wp-content\/uploads\/2018\/10\/Fondo-compania-032_D.jpg); background-repeat: no-repeat; background-attachment: fixed;\" data-parallax-speed=\"0.4\"><div class=\"container\"><div class=\"row\"><div class=\"col-md-12\"><div class=\"cs-column-inner\">[vc_custom_heading text=\u00bbEn las oficinas, nuestro equipo humano gestiona y atiende<br \/>\nlas demandas de nuestros clientes y proveedores<br \/>\ncon un trato cercano y profesional.\u00bb font_container=\u00bbtag:h2|font_size:38px|text_align:center|color:%23ffffff|line_height:1.5&#8243; use_theme_fonts=\u00bbyes\u00bb]<\/div><\/div><\/div><\/div><div class=\"section-overlay\" style=\"background-color:rgba(14, 127, 15, 0.6);\"><\/div><\/section>\n","protected":false},"excerpt":{"rendered":"<p><span class=\"entry-read-more\"><a href=\"https:\/\/pruebas.forga.es\/index.php\/productos\/\" class=\"cs-btn cs-btn-flat cs-btn-rounded cs-btn-xxs cs-btn-flat-accent\">Leer m\u00e1s<\/a><\/span><\/p>\n","protected":false},"author":1,"featured_media":0,"parent":0,"menu_order":4,"comment_status":"open","ping_status":"open","template":"","meta":{"footnotes":""},"class_list":["post-5448","page","type-page","status-publish","hentry"],"_links":{"self":[{"href":"https:\/\/pruebas.forga.es\/index.php\/wp-json\/wp\/v2\/pages\/5448","targetHints":{"allow":["GET"]}}],"collection":[{"href":"https:\/\/pruebas.forga.es\/index.php\/wp-json\/wp\/v2\/pages"}],"about":[{"href":"https:\/\/pruebas.forga.es\/index.php\/wp-json\/wp\/v2\/types\/page"}],"author":[{"embeddable":true,"href":"https:\/\/pruebas.forga.es\/index.php\/wp-json\/wp\/v2\/users\/1"}],"replies":[{"embeddable":true,"href":"https:\/\/pruebas.forga.es\/index.php\/wp-json\/wp\/v2\/comments?post=5448"}],"version-history":[{"count":3,"href":"https:\/\/pruebas.forga.es\/index.php\/wp-json\/wp\/v2\/pages\/5448\/revisions"}],"predecessor-version":[{"id":5451,"href":"https:\/\/pruebas.forga.es\/index.php\/wp-json\/wp\/v2\/pages\/5448\/revisions\/5451"}],"wp:attachment":[{"href":"https:\/\/pruebas.forga.es\/index.php\/wp-json\/wp\/v2\/media?parent=5448"}],"curies":[{"name":"wp","href":"https:\/\/api.w.org\/{rel}","templated":true}]}}