{"id":5395,"date":"2018-10-30T13:25:47","date_gmt":"2018-10-30T13:25:47","guid":{"rendered":"http:\/\/pruebas.forga.es\/?page_id=5395"},"modified":"2018-10-31T10:48:16","modified_gmt":"2018-10-31T10:48:16","slug":"proceso","status":"publish","type":"page","link":"https:\/\/pruebas.forga.es\/index.php\/proceso\/","title":{"rendered":"Proceso"},"content":{"rendered":"<section class=\"cs-section custom-padding\" style=\" padding-top: 60px; padding-bottom:50px;\"><div class=\"container\"><div class=\"row\"><div class=\"col-md-12 cs-animation fadeInLeft\"><div class=\"cs-column-inner\">[vc_custom_heading text=\u00bbCampo\u00bb font_container=\u00bbtag:h2|text_align:left|color:%230e7f0f\u00bb use_theme_fonts=\u00bbyes\u00bb]<div class=\"cs-column-text vc_custom_1540902133092\"><p>El proceso de campo <strong>se inicia con la siega del forraje<\/strong> dentro de los plazos m\u00e1s adecuados de desarrollo y \ufb02oraci\u00f3n de la planta, <strong>con el objetivo de conseguir el mayor nivel de prote\u00edna.<\/strong><\/p>\n<p>El cultivo cortado reposa en el campo durante un periodo no superior a 48 horas. La recolecci\u00f3n se lleva a cabo mediante remolques autocargadores en horarios nocturnos y con la frescura de la ma\u00f1ana, garantizando de este modo la obtenci\u00f3n de una fibra larga (12-20 cm) sin p\u00e9rdida de hoja.<\/p>\n<\/div><section class=\"cs-section\"><div class=\"container\"><div class=\"row\"><div class=\"col-md-4\"><div class=\"cs-column-inner\"><a href=\"https:\/\/pruebas.forga.es\/wp-content\/uploads\/2018\/10\/Campo-003_E.jpg\" class=\"cs-responsive-img-link fancybox\"><img loading=\"lazy\" decoding=\"async\" width=\"1000\" height=\"668\" src=\"https:\/\/pruebas.forga.es\/wp-content\/uploads\/2018\/10\/Campo-003_E.jpg\" class=\"attachment-full size-full\" alt=\"Campo\" srcset=\"https:\/\/pruebas.forga.es\/wp-content\/uploads\/2018\/10\/Campo-003_E.jpg 1000w, https:\/\/pruebas.forga.es\/wp-content\/uploads\/2018\/10\/Campo-003_E-300x200.jpg 300w, https:\/\/pruebas.forga.es\/wp-content\/uploads\/2018\/10\/Campo-003_E-768x513.jpg 768w\" sizes=\"auto, (max-width: 1000px) 100vw, 1000px\" \/><\/a><\/div><\/div><div class=\"col-md-4\"><div class=\"cs-column-inner\"><a href=\"https:\/\/pruebas.forga.es\/wp-content\/uploads\/2018\/10\/Campo-004_E.jpg\" class=\"cs-responsive-img-link fancybox\"><img loading=\"lazy\" decoding=\"async\" width=\"1000\" height=\"668\" src=\"https:\/\/pruebas.forga.es\/wp-content\/uploads\/2018\/10\/Campo-004_E.jpg\" class=\"attachment-full size-full\" alt=\"Campo\" srcset=\"https:\/\/pruebas.forga.es\/wp-content\/uploads\/2018\/10\/Campo-004_E.jpg 1000w, https:\/\/pruebas.forga.es\/wp-content\/uploads\/2018\/10\/Campo-004_E-300x200.jpg 300w, https:\/\/pruebas.forga.es\/wp-content\/uploads\/2018\/10\/Campo-004_E-768x513.jpg 768w\" sizes=\"auto, (max-width: 1000px) 100vw, 1000px\" \/><\/a><\/div><\/div><div class=\"col-md-4\"><div class=\"cs-column-inner\"><a href=\"https:\/\/pruebas.forga.es\/wp-content\/uploads\/2018\/10\/Campo-005_D.jpg\" class=\"cs-responsive-img-link fancybox\"><img loading=\"lazy\" decoding=\"async\" width=\"1000\" height=\"668\" src=\"https:\/\/pruebas.forga.es\/wp-content\/uploads\/2018\/10\/Campo-005_D.jpg\" class=\"attachment-full size-full\" alt=\"Campo\" srcset=\"https:\/\/pruebas.forga.es\/wp-content\/uploads\/2018\/10\/Campo-005_D.jpg 1000w, https:\/\/pruebas.forga.es\/wp-content\/uploads\/2018\/10\/Campo-005_D-300x200.jpg 300w, https:\/\/pruebas.forga.es\/wp-content\/uploads\/2018\/10\/Campo-005_D-768x513.jpg 768w\" sizes=\"auto, (max-width: 1000px) 100vw, 1000px\" \/><\/a><\/div><\/div><\/div><\/div><\/section><\/div><\/div><\/div><\/div><\/section><section class=\"cs-section custom-padding\" style=\" background-color: #f5f5f5; padding-top: 60px; padding-bottom:60px;\"><div class=\"container\"><div class=\"row\"><div class=\"col-md-4\"><div class=\"cs-column-inner\"><a href=\"https:\/\/pruebas.forga.es\/wp-content\/uploads\/2018\/10\/Recepcion-007_A.jpg\" class=\"cs-responsive-img-link fancybox\"><img loading=\"lazy\" decoding=\"async\" width=\"1000\" height=\"668\" src=\"https:\/\/pruebas.forga.es\/wp-content\/uploads\/2018\/10\/Recepcion-007_A.jpg\" class=\"attachment-full size-full\" alt=\"Recepci\u00f3n\" srcset=\"https:\/\/pruebas.forga.es\/wp-content\/uploads\/2018\/10\/Recepcion-007_A.jpg 1000w, https:\/\/pruebas.forga.es\/wp-content\/uploads\/2018\/10\/Recepcion-007_A-300x200.jpg 300w, https:\/\/pruebas.forga.es\/wp-content\/uploads\/2018\/10\/Recepcion-007_A-768x513.jpg 768w\" sizes=\"auto, (max-width: 1000px) 100vw, 1000px\" \/><\/a><\/div><\/div><div class=\"col-md-4\"><div class=\"cs-column-inner\">[vc_custom_heading text=\u00bbRecepci\u00f3n\u00bb font_container=\u00bbtag:h2|text_align:left|color:%230e7f0f\u00bb use_theme_fonts=\u00bbyes\u00bb]<div class=\"cs-column-text vc_custom_1540982439207\"><p>La alfalfa llega a la planta de procesado mediante remolques cargadores, donde es analizada antes de su descarga.<\/p>\n<p>En el laboratorio se mide la humedad y la prote\u00edna con el fin de que en f\u00e1brica se procesen lotes homog\u00e9neos y de caracter\u00edsticas similares.<\/p>\n<\/div><\/div><\/div><div class=\"col-md-4\"><div class=\"cs-column-inner\"><a href=\"https:\/\/pruebas.forga.es\/wp-content\/uploads\/2018\/10\/Recepcion-020_A.jpg\" class=\"cs-responsive-img-link fancybox\"><img loading=\"lazy\" decoding=\"async\" width=\"1000\" height=\"668\" src=\"https:\/\/pruebas.forga.es\/wp-content\/uploads\/2018\/10\/Recepcion-020_A.jpg\" class=\" margen-arriba\" alt=\"Recepci\u00f3n\" srcset=\"https:\/\/pruebas.forga.es\/wp-content\/uploads\/2018\/10\/Recepcion-020_A.jpg 1000w, https:\/\/pruebas.forga.es\/wp-content\/uploads\/2018\/10\/Recepcion-020_A-300x200.jpg 300w, https:\/\/pruebas.forga.es\/wp-content\/uploads\/2018\/10\/Recepcion-020_A-768x513.jpg 768w\" sizes=\"auto, (max-width: 1000px) 100vw, 1000px\" \/><\/a><\/div><\/div><\/div><\/div><\/section><section class=\"cs-section custom-padding\" style=\" padding-top: 60px; padding-bottom:50px;\"><div class=\"container\"><div class=\"row\"><div class=\"col-md-12 cs-animation fadeInLeft\"><div class=\"cs-column-inner\">[vc_custom_heading text=\u00bbDeshidratado\u00bb font_container=\u00bbtag:h2|text_align:left|color:%230e7f0f\u00bb use_theme_fonts=\u00bbyes\u00bb]<div class=\"cs-column-text\"><p>La alfalfa es introducida con las palas cargadoras en las tolvas de alimentaci\u00f3n, posteriormente se suministra mec\u00e1nicamente la alfalfa al tr\u00f3mel.<\/p>\n<\/div><div class=\"cs-column-text\"><p><strong>En el tr\u00f3mel es sometida a un lento volteo con un \ufb02ujo caliente de aire<\/strong> de unos 250 \u00baC generados en el horno de combusti\u00f3n de biomasa. <strong>En pocos minutos la materia prima pierde parte del agua<\/strong> y sale del tr\u00f3mel por aspiraci\u00f3n, decant\u00e1ndose en el enfriador con una <strong>humedad no superior al 12 %<\/strong>, donde es enfriado mediante un flujo de aire frio.<\/p>\n<\/div><div class=\"cs-column-text vc_custom_1540902948585\"><p><strong>El proceso se concluye en la prensa, donde se compacta en pacas de diferentes tama\u00f1os, o en la molienda y granulaci\u00f3n<\/strong>, cuando se fabrican pellets de diferentes di\u00e1metros.<\/p>\n<\/div><section class=\"cs-section\"><div class=\"container\"><div class=\"row\"><div class=\"col-md-4\"><div class=\"cs-column-inner\"><a href=\"https:\/\/pruebas.forga.es\/wp-content\/uploads\/2018\/10\/Deshidratado-009_D.jpg\" class=\"cs-responsive-img-link fancybox\"><img loading=\"lazy\" decoding=\"async\" width=\"1000\" height=\"668\" src=\"https:\/\/pruebas.forga.es\/wp-content\/uploads\/2018\/10\/Deshidratado-009_D.jpg\" class=\"attachment-full size-full\" alt=\"Deshidratado\" srcset=\"https:\/\/pruebas.forga.es\/wp-content\/uploads\/2018\/10\/Deshidratado-009_D.jpg 1000w, https:\/\/pruebas.forga.es\/wp-content\/uploads\/2018\/10\/Deshidratado-009_D-300x200.jpg 300w, https:\/\/pruebas.forga.es\/wp-content\/uploads\/2018\/10\/Deshidratado-009_D-768x513.jpg 768w\" sizes=\"auto, (max-width: 1000px) 100vw, 1000px\" \/><\/a><\/div><\/div><div class=\"col-md-4\"><div class=\"cs-column-inner\"><a href=\"https:\/\/pruebas.forga.es\/wp-content\/uploads\/2018\/10\/Deshidratado-013_A.jpg\" class=\"cs-responsive-img-link fancybox\"><img loading=\"lazy\" decoding=\"async\" width=\"1000\" height=\"668\" src=\"https:\/\/pruebas.forga.es\/wp-content\/uploads\/2018\/10\/Deshidratado-013_A.jpg\" class=\"attachment-full size-full\" alt=\"Deshidratado\" srcset=\"https:\/\/pruebas.forga.es\/wp-content\/uploads\/2018\/10\/Deshidratado-013_A.jpg 1000w, https:\/\/pruebas.forga.es\/wp-content\/uploads\/2018\/10\/Deshidratado-013_A-300x200.jpg 300w, https:\/\/pruebas.forga.es\/wp-content\/uploads\/2018\/10\/Deshidratado-013_A-768x513.jpg 768w\" sizes=\"auto, (max-width: 1000px) 100vw, 1000px\" \/><\/a><\/div><\/div><div class=\"col-md-4\"><div class=\"cs-column-inner\"><a href=\"https:\/\/pruebas.forga.es\/wp-content\/uploads\/2018\/10\/Deshidratado-032_M.jpg\" class=\"cs-responsive-img-link fancybox\"><img loading=\"lazy\" decoding=\"async\" width=\"1000\" height=\"668\" src=\"https:\/\/pruebas.forga.es\/wp-content\/uploads\/2018\/10\/Deshidratado-032_M.jpg\" class=\"attachment-full size-full\" alt=\"Deshidratado\" srcset=\"https:\/\/pruebas.forga.es\/wp-content\/uploads\/2018\/10\/Deshidratado-032_M.jpg 1000w, https:\/\/pruebas.forga.es\/wp-content\/uploads\/2018\/10\/Deshidratado-032_M-300x200.jpg 300w, https:\/\/pruebas.forga.es\/wp-content\/uploads\/2018\/10\/Deshidratado-032_M-768x513.jpg 768w\" sizes=\"auto, (max-width: 1000px) 100vw, 1000px\" \/><\/a><\/div><\/div><\/div><\/div><\/section><\/div><\/div><\/div><\/div><\/section><section class=\"cs-section custom-padding\" style=\" background-color: rgba(0,0,0,0.5); padding-top: 60px; padding-bottom:60px;\"><div class=\"container\"><div class=\"row\"><div class=\"col-md-12\"><div class=\"cs-column-inner\">[vc_custom_heading text=\u00bbControl de producci\u00f3n\u00bb font_container=\u00bbtag:h2|text_align:left|color:%23ffffff\u00bb use_theme_fonts=\u00bbyes\u00bb]<section class=\"cs-section\"><div class=\"container\"><div class=\"row\"><div class=\"col-md-4\"><div class=\"cs-column-inner\"><div class=\"cs-column-text vc_custom_1540905754657\" style=\"color: #ffffff;\"><p>An\u00e1lisis con frecuencia horaria de pacas y pellets fabricados: Prote\u00edna, humedad, ADF, NDF y RFV.Que garantizan la trazabilidad del producto desde el campo hasta el consumidor.<\/p>\n<\/div><a href=\"https:\/\/pruebas.forga.es\/wp-content\/uploads\/2018\/10\/Control-produccion-019_D.jpg\" class=\"cs-responsive-img-link fancybox\"><img loading=\"lazy\" decoding=\"async\" width=\"1000\" height=\"668\" src=\"https:\/\/pruebas.forga.es\/wp-content\/uploads\/2018\/10\/Control-produccion-019_D.jpg\" class=\"attachment-full size-full\" alt=\"Control de producci\u00f3n\" srcset=\"https:\/\/pruebas.forga.es\/wp-content\/uploads\/2018\/10\/Control-produccion-019_D.jpg 1000w, https:\/\/pruebas.forga.es\/wp-content\/uploads\/2018\/10\/Control-produccion-019_D-300x200.jpg 300w, https:\/\/pruebas.forga.es\/wp-content\/uploads\/2018\/10\/Control-produccion-019_D-768x513.jpg 768w\" sizes=\"auto, (max-width: 1000px) 100vw, 1000px\" \/><\/a><\/div><\/div><div class=\"col-md-4\"><div class=\"cs-column-inner\"><div class=\"cs-column-text vc_custom_1540905762920\" style=\"color: #ffffff;\"><p>Sistemas de <strong>monitorizaci\u00f3n y optimizaci\u00f3n de la eficiencia de las l\u00edneas de producci\u00f3n<\/strong> con el objetivo de aumentar la capacidad del sistema productivo.<\/p>\n<\/div><a href=\"https:\/\/pruebas.forga.es\/wp-content\/uploads\/2018\/10\/Control-produccion-032_E.jpg\" class=\"cs-responsive-img-link fancybox\"><img loading=\"lazy\" decoding=\"async\" width=\"1000\" height=\"668\" src=\"https:\/\/pruebas.forga.es\/wp-content\/uploads\/2018\/10\/Control-produccion-032_E.jpg\" class=\"attachment-full size-full\" alt=\"Control de producci\u00f3n\" srcset=\"https:\/\/pruebas.forga.es\/wp-content\/uploads\/2018\/10\/Control-produccion-032_E.jpg 1000w, https:\/\/pruebas.forga.es\/wp-content\/uploads\/2018\/10\/Control-produccion-032_E-300x200.jpg 300w, https:\/\/pruebas.forga.es\/wp-content\/uploads\/2018\/10\/Control-produccion-032_E-768x513.jpg 768w\" sizes=\"auto, (max-width: 1000px) 100vw, 1000px\" \/><\/a><\/div><\/div><div class=\"col-md-4\"><div class=\"cs-column-inner\"><div class=\"cs-column-text vc_custom_1540905780148\" style=\"color: #ffffff;\"><p>Gesti\u00f3n de la informaci\u00f3n que permite a la empresa llevar a cabo una <strong>producci\u00f3n inteligente basada en los datos, desperdiciando menos y obteniendo un mayor rendimiento.<\/strong><\/p>\n<\/div><a href=\"https:\/\/pruebas.forga.es\/wp-content\/uploads\/2018\/10\/Control-produccion-011_A.jpg\" class=\"cs-responsive-img-link fancybox\"><img loading=\"lazy\" decoding=\"async\" width=\"1000\" height=\"668\" src=\"https:\/\/pruebas.forga.es\/wp-content\/uploads\/2018\/10\/Control-produccion-011_A.jpg\" class=\"attachment-full size-full\" alt=\"Control de producci\u00f3n\" srcset=\"https:\/\/pruebas.forga.es\/wp-content\/uploads\/2018\/10\/Control-produccion-011_A.jpg 1000w, https:\/\/pruebas.forga.es\/wp-content\/uploads\/2018\/10\/Control-produccion-011_A-300x200.jpg 300w, https:\/\/pruebas.forga.es\/wp-content\/uploads\/2018\/10\/Control-produccion-011_A-768x513.jpg 768w\" sizes=\"auto, (max-width: 1000px) 100vw, 1000px\" \/><\/a><\/div><\/div><\/div><\/div><\/section><\/div><\/div><\/div><\/div><\/section><section class=\"cs-section custom-padding\" style=\" padding-top: 60px; padding-bottom:50px;\"><div class=\"container\"><div class=\"row\"><div class=\"col-md-12 cs-animation fadeInLeft\"><div class=\"cs-column-inner\">[vc_custom_heading text=\u00bbAlmacenaje\u00bb font_container=\u00bbtag:h2|text_align:left|color:%230e7f0f\u00bb use_theme_fonts=\u00bbyes\u00bb]<div class=\"cs-column-text vc_custom_1540905869596\"><\/div><section class=\"cs-section\"><div class=\"container\"><div class=\"row\"><div class=\"col-md-4\"><div class=\"cs-column-inner\"><img decoding=\"async\" src=\"\" \/><\/div><\/div><div class=\"col-md-4\"><div class=\"cs-column-inner\"><img decoding=\"async\" src=\"\" \/><\/div><\/div><div class=\"col-md-4\"><div class=\"cs-column-inner\"><img decoding=\"async\" src=\"\" \/><\/div><\/div><\/div><\/div><\/section><\/div><\/div><\/div><\/div><\/section><section class=\"cs-section cs-parallax lg-padding parallax cs-section-cover-bg\" style=\"background-image: url(https:\/\/pruebas.forga.es\/wp-content\/uploads\/2018\/10\/Fondo-Alfalfa-002_A.jpg); background-repeat: no-repeat; background-attachment: fixed;\" data-parallax-speed=\"0.4\"><div class=\"container\"><div class=\"row\"><div class=\"col-md-12\"><div class=\"cs-column-inner\">[vc_custom_heading text=\u00bbAspectos medioambientales\u00bb font_container=\u00bbtag:h2|text_align:left|color:%23ffffff\u00bb use_theme_fonts=\u00bbyes\u00bb css=\u00bb.vc_custom_1540898098526{margin-bottom: 25px !important;}\u00bb]<ul class=\"cs-icon-list\"><li style=\"color:#ffffff;font-size: 17px; font-weight: 600; margin-bottom:8px;\"><i class=\"cs-in fa fa-check\" style=\"color:#ffffff;\"><\/i>Contribuye a la mejora de la biodiversidad, son 117 especies de aves las que la utilizan para su alimentaci\u00f3n, refugio o reproducci\u00f3n.<\/li><li style=\"color:#ffffff;font-size: 17px; font-weight: 600; margin-bottom:8px;\"><i class=\"cs-in fa fa-check\" style=\"color:#ffffff;\"><\/i>No requiere laboreo por un periodo de cinco a\u00f1os: Reduce la erosi\u00f3n, esta es 16 veces menor que en el cultivo de ma\u00edz.<\/li><li style=\"color:#ffffff;font-size: 17px; font-weight: 600; margin-bottom:8px;\"><i class=\"cs-in fa fa-check\" style=\"color:#ffffff;\"><\/i>No necesita aporte de abonos nitrogenados: Evita contaminaci\u00f3n de las aguas por nitratos.<\/li><li style=\"color:#ffffff;font-size: 17px; font-weight: 600; margin-bottom:8px;\"><i class=\"cs-in fa fa-check\" style=\"color:#ffffff;\"><\/i>Fija el CO2 en cuant\u00eda de 9 t\/ha\/a\u00f1o contribuyendo a paliar el efecto invernadero. Act\u00faa como filtro verde.<\/li><li style=\"color:#ffffff;font-size: 17px; font-weight: 600; margin-bottom:8px;\"><i class=\"cs-in fa fa-check\" style=\"color:#ffffff;\"><\/i>No exige de tratamiento herbicidas: Bajo uso de fitosanitarios.<\/li><li style=\"color:#ffffff;font-size: 17px; font-weight: 600;\"><i class=\"cs-in fa fa-check\" style=\"color:#ffffff;\"><\/i>Sintetiza el nitr\u00f3geno atmosf\u00e9rico y aportar una gran riqueza de fibra y prote\u00edna de calidad.<\/li><\/ul><\/div><\/div><\/div><\/div><div class=\"section-overlay\" style=\"background-color:rgba(14, 127, 15, 0.7);\"><\/div><\/section>\n","protected":false},"excerpt":{"rendered":"<p><span class=\"entry-read-more\"><a href=\"https:\/\/pruebas.forga.es\/index.php\/proceso\/\" class=\"cs-btn cs-btn-flat cs-btn-rounded cs-btn-xxs cs-btn-flat-accent\">Leer m\u00e1s<\/a><\/span><\/p>\n","protected":false},"author":1,"featured_media":0,"parent":0,"menu_order":3,"comment_status":"open","ping_status":"open","template":"","meta":{"footnotes":""},"class_list":["post-5395","page","type-page","status-publish","hentry"],"_links":{"self":[{"href":"https:\/\/pruebas.forga.es\/index.php\/wp-json\/wp\/v2\/pages\/5395","targetHints":{"allow":["GET"]}}],"collection":[{"href":"https:\/\/pruebas.forga.es\/index.php\/wp-json\/wp\/v2\/pages"}],"about":[{"href":"https:\/\/pruebas.forga.es\/index.php\/wp-json\/wp\/v2\/types\/page"}],"author":[{"embeddable":true,"href":"https:\/\/pruebas.forga.es\/index.php\/wp-json\/wp\/v2\/users\/1"}],"replies":[{"embeddable":true,"href":"https:\/\/pruebas.forga.es\/index.php\/wp-json\/wp\/v2\/comments?post=5395"}],"version-history":[{"count":32,"href":"https:\/\/pruebas.forga.es\/index.php\/wp-json\/wp\/v2\/pages\/5395\/revisions"}],"predecessor-version":[{"id":5482,"href":"https:\/\/pruebas.forga.es\/index.php\/wp-json\/wp\/v2\/pages\/5395\/revisions\/5482"}],"wp:attachment":[{"href":"https:\/\/pruebas.forga.es\/index.php\/wp-json\/wp\/v2\/media?parent=5395"}],"curies":[{"name":"wp","href":"https:\/\/api.w.org\/{rel}","templated":true}]}}