{"id":5268,"date":"2018-08-08T10:33:52","date_gmt":"2018-08-08T10:33:52","guid":{"rendered":"http:\/\/pruebas.forga.es\/?page_id=5268"},"modified":"2018-10-31T11:47:08","modified_gmt":"2018-10-31T11:47:08","slug":"contact-us","status":"publish","type":"page","link":"https:\/\/pruebas.forga.es\/index.php\/en\/contact-us\/","title":{"rendered":"Contact us"},"content":{"rendered":"<section class=\"cs-section no-padding\"><div class=\"container-fluid\"><div class=\"row\"><div class=\"col-md-12\"><div class=\"cs-column-inner\">[vc_raw_html css=\u00bb.vc_custom_1540986426009{margin-bottom: 0px !important;}\u00bb]JTNDaWZyYW1lJTIwc3JjJTNEJTIyaHR0cHMlM0ElMkYlMkZ3d3cuZ29vZ2xlLmNvbSUyRm1hcHMlMkZlbWJlZCUzRnBiJTNEJTIxMW0xOCUyMTFtMTIlMjExbTMlMjExZDExODk0LjA2MDQyNjE4NDQxNSUyMTJkLTEuMjM0MzM0ODE0OTg2Nzc0JTIxM2Q0MS44MTcyMDUwNDg2NTYxNiUyMTJtMyUyMTFmMCUyMTJmMCUyMTNmMCUyMTNtMiUyMTFpMTAyNCUyMTJpNzY4JTIxNGYxMy4xJTIxM20zJTIxMW0yJTIxMXMweGQ1YmQ2MTY5M2YzMjcxZCUyNTNBMHgyNWVlY2RjZGE1YjE3MWIlMjEyc1NBVCUyQkZvcmdhJTIxNWUwJTIxM20yJTIxMXNlcyUyMTJzZXMlMjE0djE1MzYyMzEyNTA2NjUlMjIlMjB3aWR0aCUzRCUyMjEwMCUyNSUyMiUyMGhlaWdodCUzRCUyMjQwMCUyMiUyMGZyYW1lYm9yZGVyJTNEJTIyMCUyMiUyMHN0eWxlJTNEJTIyYm9yZGVyJTNBMCUyMiUyMGFsbG93ZnVsbHNjcmVlbiUzRSUzQyUyRmlmcmFtZSUzRQ==[\/vc_raw_html]<\/div><\/div><\/div><\/div><\/section><section class=\"cs-section\"><div class=\"container\"><div class=\"row\"><div class=\"col-md-4\"><div class=\"cs-column-inner\"><section class=\"cs-section\"><div class=\"container\"><div class=\"row\"><div class=\"col-md-12\"><div class=\"cs-column-inner\"><div class=\"cs-divider-icon text-left\"><div class=\"cs-divider-icon-inner\" style=\"font-size:25px;color:#0e7f07;\"><span class=\"inner-text\">\u00a1Visit us!<\/span><\/div><\/div><div class=\"cs-iconbox cs-iconbox-center\"><div class=\"cs-iconbox-header\"><div class=\"cs-iconbox-icon\"><span class=\"cs-in fa fa-map-marker cs-icon cs-icon-custom cs-icon-outlined cs-icon-square cs-icon-xxl\" style=\"color:#0e7f0f;\"><\/span><\/div><div class=\"cs-iconbox-title\"><h4 class=\"cs-iconbox-heading\">S.A.T. NUM 9349 FORGA<\/h4><\/div><\/div><div class=\"cs-iconbox-text\"><p style=\"text-align: center;\"><strong>V\u00eda Provincial 24 Km 9,400<\/strong><br \/>\n<strong>50640 Luceni &#8211; Zaragoza (Spain)<br \/>\n<\/strong><\/p>\n<\/div><\/div><div class=\"cs-iconbox cs-iconbox-center\"><div class=\"cs-iconbox-header\"><div class=\"cs-iconbox-icon\"><span class=\"cs-in fa fa-phone cs-icon cs-icon-custom cs-icon-outlined cs-icon-square cs-icon-xxl\" style=\"color:#0e7f0f;\"><\/span><\/div><\/div><div class=\"cs-iconbox-text\"><p style=\"text-align: center;\"><strong>976 614 094<\/strong><\/p>\n<\/div><\/div><div class=\"cs-iconbox cs-iconbox-center\"><div class=\"cs-iconbox-header\"><div class=\"cs-iconbox-icon\"><span class=\"cs-in fa fa-mobile cs-icon cs-icon-custom cs-icon-outlined cs-icon-square cs-icon-xxl\" style=\"color:#0e7f0f;\"><\/span><\/div><\/div><div class=\"cs-iconbox-text\"><p style=\"text-align: center;\"><strong>659 91 11 40 <\/strong><\/p>\n<\/div><\/div><div class=\"cs-iconbox cs-iconbox-center\"><div class=\"cs-iconbox-header\"><div class=\"cs-iconbox-icon\"><span class=\"cs-in fa fa-envelope-o cs-icon cs-icon-custom cs-icon-outlined cs-icon-square cs-icon-xxl\" style=\"color:#0e7f0f;\"><\/span><\/div><\/div><div class=\"cs-iconbox-text\"><p style=\"text-align: center;\"><strong><a class=\"mail-1\" href=\"mailto:info@forga.es\">info@forga.es<\/a><\/strong><\/p>\n<\/div><\/div><\/div><\/div><\/div><\/div><\/section><\/div><\/div><div class=\"col-md-8\"><div class=\"cs-column-inner\"><div class=\"cs-divider-icon text-left\"><div class=\"cs-divider-icon-inner\" style=\"font-size:25px;color:#0e7f07;\"><span class=\"inner-text\">Contact form<\/span><\/div><\/div>\n<div class=\"wpcf7 no-js\" id=\"wpcf7-f5266-o1\" lang=\"en-US\" dir=\"ltr\" data-wpcf7-id=\"5266\">\n<div class=\"screen-reader-response\"><p role=\"status\" aria-live=\"polite\" aria-atomic=\"true\"><\/p> <ul><\/ul><\/div>\n<form action=\"\/index.php\/wp-json\/wp\/v2\/pages\/5268#wpcf7-f5266-o1\" method=\"post\" class=\"wpcf7-form init\" aria-label=\"Contact form\" novalidate=\"novalidate\" data-status=\"init\">\n<fieldset class=\"hidden-fields-container\"><input type=\"hidden\" name=\"_wpcf7\" value=\"5266\" \/><input type=\"hidden\" name=\"_wpcf7_version\" value=\"6.1.5\" \/><input type=\"hidden\" name=\"_wpcf7_locale\" value=\"en_US\" \/><input type=\"hidden\" name=\"_wpcf7_unit_tag\" value=\"wpcf7-f5266-o1\" \/><input type=\"hidden\" name=\"_wpcf7_container_post\" value=\"0\" \/><input type=\"hidden\" name=\"_wpcf7_posted_data_hash\" value=\"\" \/>\n<\/fieldset>\n<p>Your Name*\n<\/p>\n<p><span class=\"wpcf7-form-control-wrap\" data-name=\"your-name\"><input size=\"40\" maxlength=\"400\" class=\"wpcf7-form-control wpcf7-text wpcf7-validates-as-required\" aria-required=\"true\" aria-invalid=\"false\" value=\"\" type=\"text\" name=\"your-name\" \/><\/span>\n<\/p>\n<p>Your Email*\n<\/p>\n<p><span class=\"wpcf7-form-control-wrap\" data-name=\"your-email\"><input size=\"40\" maxlength=\"400\" class=\"wpcf7-form-control wpcf7-email wpcf7-validates-as-required wpcf7-text wpcf7-validates-as-email\" aria-required=\"true\" aria-invalid=\"false\" value=\"\" type=\"email\" name=\"your-email\" \/><\/span>\n<\/p>\n<p>Subject\n<\/p>\n<p><span class=\"wpcf7-form-control-wrap\" data-name=\"your-subject\"><input size=\"40\" maxlength=\"400\" class=\"wpcf7-form-control wpcf7-text\" aria-invalid=\"false\" value=\"\" type=\"text\" name=\"your-subject\" \/><\/span>\n<\/p>\n<p>Your Message*\n<\/p>\n<p><span class=\"wpcf7-form-control-wrap\" data-name=\"your-message\"><textarea cols=\"40\" rows=\"10\" maxlength=\"2000\" class=\"wpcf7-form-control wpcf7-textarea wpcf7-validates-as-required\" aria-required=\"true\" aria-invalid=\"false\" name=\"your-message\"><\/textarea><\/span>\n<\/p>\n<p><span class=\"wpcf7-form-control-wrap\" data-name=\"privacidad\"><span class=\"wpcf7-form-control wpcf7-acceptance\"><span class=\"wpcf7-list-item\"><input type=\"checkbox\" name=\"privacidad\" value=\"1\" aria-invalid=\"false\" \/><\/span><\/span><\/span> He le\u00eddo y acepto la <a href=\"index.php\/politica-privacidad\/\" target=\"_blank\">Pol\u00edtica de privacidad<\/a>*\n<\/p>\n<p><input class=\"cs-btn cs-btn-flat cs-btn-rounded cs-btn-sm cs-btn-flat-accent wpcf7-form-control wpcf7-submit\" type=\"submit\" value=\"Send\" \/>\n<\/p>\n<div class=\"rgpd\">\n\t<p>Responsable \u00bb S.A.T. NUM 9349 FORGA<br \/>\nFinalidad \u00bb responder las consultas planteadas por el usuario y enviarle la informaci\u00f3n solicitada.<br \/>\nLegitimaci\u00f3n \u00bb tu consentimiento.<br \/>\nDestinatarios \u00bb solo se realizan cesiones si existe una obligaci\u00f3n legal.<br \/>\nDerechos \u00bb podr\u00e1s ejercer tus derechos de acceso, rectificaci\u00f3n, limitaci\u00f3n y suprimir los datos, como se indica en la <a href=\"index.php\/politica-privacidad\/\">Pol\u00edtica de privacidad<\/a>.\n\t<\/p>\n<\/div><p style=\"display: none !important;\" class=\"akismet-fields-container\" data-prefix=\"_wpcf7_ak_\"><label>&#916;<textarea name=\"_wpcf7_ak_hp_textarea\" cols=\"45\" rows=\"8\" maxlength=\"100\"><\/textarea><\/label><input type=\"hidden\" id=\"ak_js_1\" name=\"_wpcf7_ak_js\" value=\"135\"\/><script type=\"text\/javascript\">\n\/* <![CDATA[ *\/\ndocument.getElementById( \"ak_js_1\" ).setAttribute( \"value\", ( new Date() ).getTime() );\n\/* ]]> *\/\n<\/script>\n<\/p><div class=\"wpcf7-response-output\" aria-hidden=\"true\"><\/div>\n<\/form>\n<\/div>\n<\/div><\/div><\/div><\/div><\/section>\n","protected":false},"excerpt":{"rendered":"<p><span class=\"entry-read-more\"><a href=\"https:\/\/pruebas.forga.es\/index.php\/en\/contact-us\/\" class=\"cs-btn cs-btn-flat cs-btn-rounded cs-btn-xxs cs-btn-flat-accent\">Leer m\u00e1s<\/a><\/span><\/p>\n","protected":false},"author":1,"featured_media":0,"parent":0,"menu_order":5,"comment_status":"open","ping_status":"open","template":"","meta":{"footnotes":""},"class_list":["post-5268","page","type-page","status-publish","hentry"],"_links":{"self":[{"href":"https:\/\/pruebas.forga.es\/index.php\/wp-json\/wp\/v2\/pages\/5268","targetHints":{"allow":["GET"]}}],"collection":[{"href":"https:\/\/pruebas.forga.es\/index.php\/wp-json\/wp\/v2\/pages"}],"about":[{"href":"https:\/\/pruebas.forga.es\/index.php\/wp-json\/wp\/v2\/types\/page"}],"author":[{"embeddable":true,"href":"https:\/\/pruebas.forga.es\/index.php\/wp-json\/wp\/v2\/users\/1"}],"replies":[{"embeddable":true,"href":"https:\/\/pruebas.forga.es\/index.php\/wp-json\/wp\/v2\/comments?post=5268"}],"version-history":[{"count":6,"href":"https:\/\/pruebas.forga.es\/index.php\/wp-json\/wp\/v2\/pages\/5268\/revisions"}],"predecessor-version":[{"id":5507,"href":"https:\/\/pruebas.forga.es\/index.php\/wp-json\/wp\/v2\/pages\/5268\/revisions\/5507"}],"wp:attachment":[{"href":"https:\/\/pruebas.forga.es\/index.php\/wp-json\/wp\/v2\/media?parent=5268"}],"curies":[{"name":"wp","href":"https:\/\/api.w.org\/{rel}","templated":true}]}}