{"id":3,"date":"2018-08-06T09:01:34","date_gmt":"2018-08-06T09:01:34","guid":{"rendered":"http:\/\/pruebas.forga.es\/?page_id=3"},"modified":"2018-11-02T11:55:38","modified_gmt":"2018-11-02T11:55:38","slug":"politica-privacidad","status":"publish","type":"page","link":"https:\/\/pruebas.forga.es\/index.php\/politica-privacidad\/","title":{"rendered":"Pol\u00edtica de privacidad y Aviso legal"},"content":{"rendered":"<section class=\"cs-section\"><div class=\"container\"><div class=\"row\"><div class=\"col-md-12\"><div class=\"cs-column-inner\"><div class=\"cs-column-text\"><p>Esta pol\u00edtica de privacidad establece la forma en que se van a gestionar los datos personales en esta web en cumplimiento de lo establecido en el Reglamento General de Protecci\u00f3n de datos (RGPD 2016\/679). Es imprescindible que la leas y aceptes antes de seguir navegando.<\/p>\n<p><a href=\"http:\/\/www.forga.es\/\">forga.es<\/a> es un proyecto de FORGA cuya raz\u00f3n social es S.A.T. N\u00ba 9349 FORGA y su CIF: F50539220.<\/p>\n<p>Esta pol\u00edtica de privacidad ha sido actualizada por \u00faltima vez el 02\/11\/2018.<\/p>\n<h2>Te damos la bienvenida a esta web y agradecemos que sigas leyendo.<\/h2>\n<p>En <a href=\"http:\/\/www.forga.es\/\">forga.es<\/a> se asume un compromiso permanente con la privacidad de los datos de suscriptores, contactos, clientes y se garantiza las mejores pr\u00e1cticas en el uso de datos de car\u00e1cter personal.<\/p>\n<p>S.A.T. N\u00ba 9349 FORGA no recabar\u00e1 datos de personas menores de edad, en el momento que tenga conocimiento de que existen en su fichero datos de car\u00e1cter personal de un menor proceder\u00e1 de inmediato a cancelar dichos datos.<\/p>\n<p>La plataforma podr\u00eda contener v\u00ednculos a sitios web de terceros. Si as\u00ed fuera, en ning\u00fan caso nos haremos responsables de las pr\u00e1cticas de protecci\u00f3n de datos ni del contenido de dichos sitios web. Por consiguiente, conviene que lea atentamente las pol\u00edticas de privacidad de cada sitio web antes de aceptar las condiciones y de proceder a su uso.<\/p>\n<p>S.A.T. N\u00ba 9349 FORGA con CIF: F50539220 es titular de un fichero de datos de car\u00e1cter personal en el que los datos de los usuarios quedan incorporados y son tratados con el fin de responder a consultas, prestar los servicios solicitados mediante formulario de contacto, ejecutar la prestaci\u00f3n contratada por el usuario y proceder a su facturaci\u00f3n y cobro, gestionar el proceso del registro del usuario en el portal, moderar comentarios y gestionar la lista de suscriptores de esta web (env\u00edo de boletines)<\/p>\n<h2>Responsable del tratamiento de sus datos personales<\/h2>\n<ul>\n<li>Denominaci\u00f3n social: S.A.T. N\u00ba 9349 FORGA<\/li>\n<li>Denominaci\u00f3n comercial: FORGA<\/li>\n<li>CIF: F50539220<\/li>\n<li>Domicilio social: V\u00eda Provincial 24 Km 9,400. C.P. 50640 Luceni (Zaragoza)<\/li>\n<li>Correo Electr\u00f3nico: <a href=\"mailto:info@forga.es\">info@forga.es<\/a><\/li>\n<li>Actividad: Deshidratadora de alfalta<\/li>\n<\/ul>\n<p>A efectos de lo previsto en el Reglamento General de Protecci\u00f3n de Datos antes citado, los datos personales que me env\u00edes a trav\u00e9s de los formularios de la web, recibir\u00e1n el tratamiento de datos de \u201cUsuarios de la web y suscriptores\u201d.<\/p>\n<h2>Env\u00edo y Registro de Datos de Car\u00e1cter Personal<\/h2>\n<p>El env\u00edo de datos de car\u00e1cter personal es obligatorio para contactar y realizar operaciones comerciales con FORGA. Asimismo, el no facilitar los datos personales solicitados o el no aceptar la presente pol\u00edtica de protecci\u00f3n de datos supone la imposibilidad de suscribirse y procesar las solicitudes realizadas en este portal.<\/p>\n<h3>Los supuestos en los que esta web requiere datos personales son:<\/h3>\n<ul>\n<li>Para realizar consultas a trav\u00e9s del formulario de contacto.<\/li>\n<li>Para solicitar cualquiera de los servicios y\/o productos que ofrecemos.<\/li>\n<\/ul>\n<h3>La informaci\u00f3n personal se utilizar\u00e1 de la siguiente manera:<\/h3>\n<ol>\n<li>Para promocionar los servicios de S.A.T. N\u00ba 9349 FORGA: Por ejemplo, si el Usuario deja su informaci\u00f3n personal en alguno de los formularios de contacto, podemos utilizar esos datos para enviarle informaci\u00f3n sobre sus servicios en el caso de que esta sea solicitada.<\/li>\n<li>Para garantizar el cumplimiento de las condiciones de uso y la ley aplicable. Esto puede incluir desarrollo de herramientas y algoritmos que ayudan a esta web a garantizar la confidencialidad de los datos personales que recoge.<\/li>\n<li>Para la atenci\u00f3n al cliente y prestar servicios de seguimiento.<\/li>\n<li>Para establecer comunicaci\u00f3n con usuarios.<\/li>\n<li>En cada uno de los casos, como Usuario tendr\u00e1s plenos derechos sobre tus datos personales y sobre el uso de los mismos y podr\u00e1s ejercitarlos en cualquier momento.<\/li>\n<\/ol>\n<h2>Cesi\u00f3n de datos a terceros<\/h2>\n<p>En este sitio nunca y bajo ninguna circunstancia se compartir\u00e1n datos de usuarios obtenidos mediante este portal ni ser\u00e1n cedidos los datos de usuarios a terceros a menos que estos hayan sido informados previamente y se cuente con su expresa autorizaci\u00f3n.<\/p>\n<h2>Servicios ofrecidos por terceros en esta web<\/h2>\n<p>Para proporcionar servicios estrictamente necesarios para el desarrollo de nuestra actividad, compartimos datos con los siguientes prestadores bajo sus correspondientes condiciones de privacidad.<\/p>\n<p>Todas las utilidades ofrecidas por terceros son estrictamente necesarias para el desarrollo de nuestros servicios y han sido seleccionados atendiendo al cumplimiento de los derechos que preservamos en esta web.<\/p>\n<p>Las siguientes empresas tendr\u00e1n acceso a la informaci\u00f3n personal necesaria para realizar sus funciones, pero no podr\u00e1n utilizarla para otros fines. Adem\u00e1s, deber\u00e1n tratar la informaci\u00f3n personal de conformidad con el presente Aviso de Privacidad y la legislaci\u00f3n aplicable en materia de protecci\u00f3n de datos.<\/p>\n<ul>\n<li><strong>Hosting:<\/strong> AoW Productions S.L. con CIF: B-63201727, y direcci\u00f3n fiscal: C\/Puigsacalm 8, Esc. E, Baj. 2a, 08227, Terrassa, Barcelona (Espa\u00f1a). AOW.es trata los datos de usuarios y prescriptores web con la finalidad de realizar sus servicios de hosting y correo electr\u00f3nico. M\u00e1s informaci\u00f3n en <a href=\"https:\/\/aow.es\/?aviso=1\" target=\"_blank\" rel=\"noopener\">aow.es<\/a><\/li>\n<li><strong>Plataforma web<\/strong>: Desarrollada en <a href=\"https:\/\/wordpress.org\/\">WordPress<\/a> por Estudio Digital MCClic S.L., con sede en Alag\u00f3n, Zaragoza. Estudio Digital MCClic trata los datos de la web para ofrecer soporte t\u00e9cnico sobre el c\u00f3digo creado por ellos. M\u00e1s informaci\u00f3n en <a href=\"http:\/\/www.mcclic.com\" target=\"_blank\" rel=\"noopener\">www.mcclic.com<\/a><\/li>\n<\/ul>\n<h2>Sistemas de captura de datos personales que recoge esta web<\/h2>\n<p>Esta web utiliza diferentes sistemas de captura de informaci\u00f3n personal, requiriendo siempre el consentimiento previo de los usuarios para tratar sus datos personales con los fines indicados.<\/p>\n<p>Como Usuario tienes derecho a revocar tu consentimiento previo en cualquier momento.<\/p>\n<h3>Sistemas de captura de informaci\u00f3n personal que utiliza:<\/h3>\n<p><strong>Formulario de contacto:<\/strong> tambi\u00e9n existe un formulario de contacto para consultas, sugerencias o contacto profesional. En este caso se utilizar\u00e1 la direcci\u00f3n de correo electr\u00f3nico para responder a las mismas y enviar la informaci\u00f3n que el usuario requiera a trav\u00e9s de la web.<\/p>\n<p><strong>Cookies:<\/strong> cuando el usuario se registra o navega en esta web, se almacenan \u201ccookies\u201d. El usuario puede consultar en cualquier momento la <a href=\"https:\/\/pruebas.forga.es\/index.php\/politica-de-cookies\/\"> pol\u00edtica de cookies<\/a> para ampliar informaci\u00f3n sobre el uso de cookies y c\u00f3mo desactivarlas.<\/p>\n<p><strong>Correo Electr\u00f3nico:<\/strong> Si el usuario se pone en contacto a trav\u00e9s del correo electr\u00f3nico publicado en esta p\u00e1gina web, sus datos ser\u00e1n tratados para contestar las consultas planteadas y poderle enviar la informaci\u00f3n solicitada a trav\u00e9s del correo electr\u00f3nico del cual se recibe la consulta.<\/p>\n<p>El Usuario garantiza que los datos personales facilitados a trav\u00e9s de los diferentes formularios son veraces, quedando obligado a comunicar cualquier modificaci\u00f3n de los mismos. Igualmente, el Usuario garantiza que toda la informaci\u00f3n facilitada corresponde con su situaci\u00f3n real, que est\u00e1 puesta al d\u00eda y es exacta. Adem\u00e1s, el Usuario se obliga a mantener en todo momento sus datos actualizados, siendo el \u00fanico responsable de la inexactitud o falsedad de los datos facilitados y de los perjuicios que pueda causar por ello a S.A.T. N\u00ba 9349 FORGA como titular de la web <a href=\"http:\/\/www.forga.es\/\">forga.es<\/a>, o a terceros con motivo de la utilizaci\u00f3n de dichos datos.<\/p>\n<h2>Ejercicio de tus derechos<\/h2>\n<p>Cualquier usuario tiene derecho a:<\/p>\n<ul>\n<li>Solicitar el acceso a sus datos<\/li>\n<li>Solicitar la rectificaci\u00f3n de los datos inexactos<\/li>\n<li>Solicitar su supresi\u00f3n, cuando, entre otros motivos, los datos ya no sean necesarios para los fines que fueron recogidos<\/li>\n<li>Solicitar la limitaci\u00f3n de su tratamiento, en cuyo caso \u00fanicamente se conservar\u00e1n para el ejercicio o la defensa de reclamaciones<\/li>\n<li>Solicitar la portabilidad de los datos<\/li>\n<li>Podr\u00e1n oponerse al tratamiento de sus datos, S.A.T. N\u00ba 9349 FORGA dejar\u00e1 de tratar los datos, salvo por motivos leg\u00edtimos imperiosos, o el ejercicio o la defensa de posibles reclamaciones<\/li>\n<\/ul>\n<p>Podr\u00e1 ejercitar sus derechos mediante solicitud escrita y firmada en la que se contengan los siguientes datos: nombre y apellidos, domicilio a efectos de notificaciones, junto con prueba v\u00e1lida en derecho, como fotocopia del D.N.I. o equivalente, y la petici\u00f3n en que se concrete la solicitud. El escrito deber\u00e1 remitirse a S.A.T. N\u00ba 9349 FORGA, V\u00eda Provincial 24 Km 9,400. Luceni (Zaragoza).<\/p>\n<h2>Legitimaci\u00f3n para el tratamiento de tus datos<\/h2>\n<p>La base legal para el tratamiento de sus datos es: el consentimiento.<\/p>\n<p>El Usuario declara haber sido informado de las condiciones sobre Protecci\u00f3n de Datos de Car\u00e1cter Personal, al aceptar nuestra pol\u00edtica de privacidad o al enviarnos un correo electr\u00f3nico a trav\u00e9s del correo publicado en la web.<\/p>\n<h2>Tiempo de conservaci\u00f3n de los datos<\/h2>\n<p>Los datos personales proporcionados por el usuario ser\u00e1n conservados hasta que no se solicite su supresi\u00f3n por el interesado.<\/p>\n<h2>Seguridad de los datos<\/h2>\n<p>S.A.T. N\u00ba 9349 FORGA se compromete en el uso y tratamiento de los datos de los usuarios, respetando su confidencialidad y utilizandolos de acuerdo con la finalidad del mismo. A estos efectos hemos adoptado las medidas necesarias para evitar la alteraci\u00f3n, p\u00e9rdida, tratamiento o acceso no autorizado de los datos personales que nos haya facilitado a trav\u00e9s de cualquier v\u00eda.<\/p>\n<ul>\n<li>Certificado SSL. Se trata de un protocolo de seguridad que hace que la transmisi\u00f3n de los datos entre el servidor y el usuario de la web sea totalmente cifrada o encriptada.<\/li>\n<li>Wordfence. Proteje al WordPress para evitar ataques de fuerza bruta e inyecci\u00f3n de c\u00f3digo malicioso.<\/li>\n<li>Seguridad alta en contrase\u00f1as. Las contrase\u00f1as tienen una longitud m\u00ednima de 12 caracteres e incluyen caracteres en may\u00fasculas y min\u00fasculas, d\u00edgitos y s\u00edmbolos especiales.<\/li>\n<\/ul>\n<p>S.A.T. N\u00ba 9349 FORGA no puede garantizar la absoluta inexpugnabilidad de Internet y por tanto la violaci\u00f3n de los datos mediante accesos fraudulentos a ellos por parte de terceros.<\/p>\n<p>Cuando se presente alguna violaci\u00f3n de la seguridad, se notificara al Cliente sin demoras indebidas, proporcionando la informaci\u00f3n oportuna relacionada con el Incidente de Seguridad.<\/p>\n<h2>Cambios en la presente pol\u00edtica de privacidad<\/h2>\n<p>S.A.T. N\u00ba 9349 FORGA se reserva el derecho a modificar la presente pol\u00edtica para adaptarla a novedades legislativas o jurisprudenciales as\u00ed como a pr\u00e1cticas de la industria. En dichos supuestos se anunciar\u00e1 en esta p\u00e1gina los cambios introducidos con razonable antelaci\u00f3n a su puesta en pr\u00e1ctica.<\/p>\n<h2>Correos comerciales<\/h2>\n<p>De acuerdo con la LSSICE, S.A.T. N\u00ba 9349 FORGA no realiza pr\u00e1cticas de SPAM, por lo que no env\u00eda correos comerciales por v\u00eda electr\u00f3nica que no hayan sido previamente solicitados o autorizados por el Usuario.<\/p>\n<p>De parte del equipo que formamos FORGA te agradecemos el tiempo dedicado en leer esta pol\u00edtica de privacidad.<\/p>\n<\/div><\/div><\/div><\/div><\/div><\/section>\n","protected":false},"excerpt":{"rendered":"<p><span class=\"entry-read-more\"><a href=\"https:\/\/pruebas.forga.es\/index.php\/politica-privacidad\/\" class=\"cs-btn cs-btn-flat cs-btn-rounded cs-btn-xxs cs-btn-flat-accent\">Leer m\u00e1s<\/a><\/span><\/p>\n","protected":false},"author":1,"featured_media":0,"parent":0,"menu_order":7,"comment_status":"closed","ping_status":"open","template":"","meta":{"footnotes":""},"class_list":["post-3","page","type-page","status-publish","hentry"],"_links":{"self":[{"href":"https:\/\/pruebas.forga.es\/index.php\/wp-json\/wp\/v2\/pages\/3","targetHints":{"allow":["GET"]}}],"collection":[{"href":"https:\/\/pruebas.forga.es\/index.php\/wp-json\/wp\/v2\/pages"}],"about":[{"href":"https:\/\/pruebas.forga.es\/index.php\/wp-json\/wp\/v2\/types\/page"}],"author":[{"embeddable":true,"href":"https:\/\/pruebas.forga.es\/index.php\/wp-json\/wp\/v2\/users\/1"}],"replies":[{"embeddable":true,"href":"https:\/\/pruebas.forga.es\/index.php\/wp-json\/wp\/v2\/comments?post=3"}],"version-history":[{"count":4,"href":"https:\/\/pruebas.forga.es\/index.php\/wp-json\/wp\/v2\/pages\/3\/revisions"}],"predecessor-version":[{"id":5532,"href":"https:\/\/pruebas.forga.es\/index.php\/wp-json\/wp\/v2\/pages\/3\/revisions\/5532"}],"wp:attachment":[{"href":"https:\/\/pruebas.forga.es\/index.php\/wp-json\/wp\/v2\/media?parent=3"}],"curies":[{"name":"wp","href":"https:\/\/api.w.org\/{rel}","templated":true}]}}